{"id":3,"date":"2018-09-15T05:22:01","date_gmt":"2018-09-15T05:22:01","guid":{"rendered":"http:\/\/thongtincongnghe.net\/?page_id=3"},"modified":"2020-12-15T11:04:10","modified_gmt":"2020-12-15T04:04:10","slug":"dang-nhap","status":"publish","type":"page","link":"https:\/\/phanphoidienmay.net\/i\/dang-nhap","title":{"rendered":"\u0110\u0103ng nh\u1eadp"},"content":{"rendered":"\n\n<div class=\"kk-star-ratings kksr-auto kksr-align-right kksr-valign-bottom\"\n    data-payload='{&quot;align&quot;:&quot;right&quot;,&quot;id&quot;:&quot;3&quot;,&quot;slug&quot;:&quot;default&quot;,&quot;valign&quot;:&quot;bottom&quot;,&quot;ignore&quot;:&quot;&quot;,&quot;reference&quot;:&quot;auto&quot;,&quot;class&quot;:&quot;&quot;,&quot;count&quot;:&quot;0&quot;,&quot;legendonly&quot;:&quot;&quot;,&quot;readonly&quot;:&quot;&quot;,&quot;score&quot;:&quot;0&quot;,&quot;starsonly&quot;:&quot;&quot;,&quot;best&quot;:&quot;5&quot;,&quot;gap&quot;:&quot;5&quot;,&quot;greet&quot;:&quot;\\u0110\\u00e1nh gi\\u00e1 b\\u00e0i vi\\u1ebft:&quot;,&quot;legend&quot;:&quot;0\\\/5 - (0 b\\u00ecnh ch\\u1ecdn)&quot;,&quot;size&quot;:&quot;20&quot;,&quot;title&quot;:&quot;\\u0110\\u0103ng nh\\u1eadp&quot;,&quot;width&quot;:&quot;0&quot;,&quot;_legend&quot;:&quot;{score}\\\/{best} - ({count} {votes})&quot;,&quot;font_factor&quot;:&quot;1.25&quot;}'>\n            \n<div class=\"kksr-stars\">\n    \n<div class=\"kksr-stars-inactive\">\n            <div class=\"kksr-star\" data-star=\"1\" style=\"padding-right: 5px\">\n            \n\n<div class=\"kksr-icon\" style=\"width: 20px; height: 20px;\"><\/div>\n        <\/div>\n            <div class=\"kksr-star\" data-star=\"2\" style=\"padding-right: 5px\">\n            \n\n<div class=\"kksr-icon\" style=\"width: 20px; height: 20px;\"><\/div>\n        <\/div>\n            <div class=\"kksr-star\" data-star=\"3\" style=\"padding-right: 5px\">\n            \n\n<div class=\"kksr-icon\" style=\"width: 20px; height: 20px;\"><\/div>\n        <\/div>\n            <div class=\"kksr-star\" data-star=\"4\" style=\"padding-right: 5px\">\n            \n\n<div class=\"kksr-icon\" style=\"width: 20px; height: 20px;\"><\/div>\n        <\/div>\n            <div class=\"kksr-star\" data-star=\"5\" style=\"padding-right: 5px\">\n            \n\n<div class=\"kksr-icon\" style=\"width: 20px; height: 20px;\"><\/div>\n        <\/div>\n    <\/div>\n    \n<div class=\"kksr-stars-active\" style=\"width: 0px;\">\n            <div class=\"kksr-star\" style=\"padding-right: 5px\">\n            \n\n<div class=\"kksr-icon\" style=\"width: 20px; height: 20px;\"><\/div>\n        <\/div>\n            <div class=\"kksr-star\" style=\"padding-right: 5px\">\n            \n\n<div class=\"kksr-icon\" style=\"width: 20px; height: 20px;\"><\/div>\n        <\/div>\n            <div class=\"kksr-star\" style=\"padding-right: 5px\">\n            \n\n<div class=\"kksr-icon\" style=\"width: 20px; height: 20px;\"><\/div>\n        <\/div>\n            <div class=\"kksr-star\" style=\"padding-right: 5px\">\n            \n\n<div class=\"kksr-icon\" style=\"width: 20px; height: 20px;\"><\/div>\n        <\/div>\n            <div class=\"kksr-star\" style=\"padding-right: 5px\">\n            \n\n<div class=\"kksr-icon\" style=\"width: 20px; height: 20px;\"><\/div>\n        <\/div>\n    <\/div>\n<\/div>\n                \n\n<div class=\"kksr-legend\" style=\"font-size: 16px;\">\n            <span class=\"kksr-muted\">\u0110\u00e1nh gi\u00e1 b\u00e0i vi\u1ebft:<\/span>\n    <\/div>\n    <\/div>\n","protected":false},"excerpt":{"rendered":"","protected":false},"author":7,"featured_media":0,"parent":0,"menu_order":0,"comment_status":"closed","ping_status":"open","template":"","meta":{"footnotes":""},"class_list":["post-3","page","type-page","status-publish","hentry"],"yoast_head":"<!-- This site is optimized with the Yoast SEO plugin v22.2 - https:\/\/yoast.com\/wordpress\/plugins\/seo\/ -->\n<title>\u0110\u0103ng nh\u1eadp - \u0110i\u1ec7n M\u00e1y Akira<\/title>\n<meta name=\"robots\" content=\"index, follow, max-snippet:-1, max-image-preview:large, max-video-preview:-1\" \/>\n<link rel=\"canonical\" href=\"https:\/\/phanphoidienmay.net\/i\/dang-nhap\" \/>\n<meta property=\"og:locale\" content=\"vi_VN\" \/>\n<meta property=\"og:type\" content=\"article\" \/>\n<meta property=\"og:title\" content=\"\u0110\u0103ng nh\u1eadp - \u0110i\u1ec7n M\u00e1y Akira\" \/>\n<meta property=\"og:url\" content=\"https:\/\/phanphoidienmay.net\/i\/dang-nhap\" \/>\n<meta property=\"og:site_name\" content=\"\u0110i\u1ec7n M\u00e1y Akira\" \/>\n<meta property=\"article:modified_time\" content=\"2020-12-15T04:04:10+00:00\" \/>\n<meta name=\"twitter:card\" content=\"summary_large_image\" \/>\n<script type=\"application\/ld+json\" class=\"yoast-schema-graph\">{\"@context\":\"https:\/\/schema.org\",\"@graph\":[{\"@type\":\"WebPage\",\"@id\":\"https:\/\/phanphoidienmay.net\/i\/dang-nhap\",\"url\":\"https:\/\/phanphoidienmay.net\/i\/dang-nhap\",\"name\":\"\u0110\u0103ng nh\u1eadp - \u0110i\u1ec7n M\u00e1y Akira\",\"isPartOf\":{\"@id\":\"https:\/\/phanphoidienmay.net\/i\/#website\"},\"datePublished\":\"2018-09-15T05:22:01+00:00\",\"dateModified\":\"2020-12-15T04:04:10+00:00\",\"breadcrumb\":{\"@id\":\"https:\/\/phanphoidienmay.net\/i\/dang-nhap#breadcrumb\"},\"inLanguage\":\"vi\",\"potentialAction\":[{\"@type\":\"ReadAction\",\"target\":[\"https:\/\/phanphoidienmay.net\/i\/dang-nhap\"]}]},{\"@type\":\"BreadcrumbList\",\"@id\":\"https:\/\/phanphoidienmay.net\/i\/dang-nhap#breadcrumb\",\"itemListElement\":[{\"@type\":\"ListItem\",\"position\":1,\"name\":\"Trang ch\u1ee7\",\"item\":\"https:\/\/phanphoidienmay.net\/i\/\"},{\"@type\":\"ListItem\",\"position\":2,\"name\":\"\u0110\u0103ng nh\u1eadp\"}]},{\"@type\":\"WebSite\",\"@id\":\"https:\/\/phanphoidienmay.net\/i\/#website\",\"url\":\"https:\/\/phanphoidienmay.net\/i\/\",\"name\":\"\u0110i\u1ec7n M\u00e1y Akira\",\"description\":\"Kinh nghi\u1ec7m v\u00e0 m\u1eb9o v\u1eb7t - Ph\u00e2n ph\u1ed1i \u0111i\u1ec7n m\u00e1y ch\u00ednh h\u00e3ng\",\"potentialAction\":[{\"@type\":\"SearchAction\",\"target\":{\"@type\":\"EntryPoint\",\"urlTemplate\":\"https:\/\/phanphoidienmay.net\/i\/?s={search_term_string}\"},\"query-input\":\"required name=search_term_string\"}],\"inLanguage\":\"vi\"}]}<\/script>\n<!-- \/ Yoast SEO plugin. -->","yoast_head_json":{"title":"\u0110\u0103ng nh\u1eadp - \u0110i\u1ec7n M\u00e1y Akira","robots":{"index":"index","follow":"follow","max-snippet":"max-snippet:-1","max-image-preview":"max-image-preview:large","max-video-preview":"max-video-preview:-1"},"canonical":"https:\/\/phanphoidienmay.net\/i\/dang-nhap","og_locale":"vi_VN","og_type":"article","og_title":"\u0110\u0103ng nh\u1eadp - \u0110i\u1ec7n M\u00e1y Akira","og_url":"https:\/\/phanphoidienmay.net\/i\/dang-nhap","og_site_name":"\u0110i\u1ec7n M\u00e1y Akira","article_modified_time":"2020-12-15T04:04:10+00:00","twitter_card":"summary_large_image","schema":{"@context":"https:\/\/schema.org","@graph":[{"@type":"WebPage","@id":"https:\/\/phanphoidienmay.net\/i\/dang-nhap","url":"https:\/\/phanphoidienmay.net\/i\/dang-nhap","name":"\u0110\u0103ng nh\u1eadp - \u0110i\u1ec7n M\u00e1y Akira","isPartOf":{"@id":"https:\/\/phanphoidienmay.net\/i\/#website"},"datePublished":"2018-09-15T05:22:01+00:00","dateModified":"2020-12-15T04:04:10+00:00","breadcrumb":{"@id":"https:\/\/phanphoidienmay.net\/i\/dang-nhap#breadcrumb"},"inLanguage":"vi","potentialAction":[{"@type":"ReadAction","target":["https:\/\/phanphoidienmay.net\/i\/dang-nhap"]}]},{"@type":"BreadcrumbList","@id":"https:\/\/phanphoidienmay.net\/i\/dang-nhap#breadcrumb","itemListElement":[{"@type":"ListItem","position":1,"name":"Trang ch\u1ee7","item":"https:\/\/phanphoidienmay.net\/i\/"},{"@type":"ListItem","position":2,"name":"\u0110\u0103ng nh\u1eadp"}]},{"@type":"WebSite","@id":"https:\/\/phanphoidienmay.net\/i\/#website","url":"https:\/\/phanphoidienmay.net\/i\/","name":"\u0110i\u1ec7n M\u00e1y Akira","description":"Kinh nghi\u1ec7m v\u00e0 m\u1eb9o v\u1eb7t - Ph\u00e2n ph\u1ed1i \u0111i\u1ec7n m\u00e1y ch\u00ednh h\u00e3ng","potentialAction":[{"@type":"SearchAction","target":{"@type":"EntryPoint","urlTemplate":"https:\/\/phanphoidienmay.net\/i\/?s={search_term_string}"},"query-input":"required name=search_term_string"}],"inLanguage":"vi"}]}},"_links":{"self":[{"href":"https:\/\/phanphoidienmay.net\/i\/wp-json\/wp\/v2\/pages\/3","targetHints":{"allow":["GET"]}}],"collection":[{"href":"https:\/\/phanphoidienmay.net\/i\/wp-json\/wp\/v2\/pages"}],"about":[{"href":"https:\/\/phanphoidienmay.net\/i\/wp-json\/wp\/v2\/types\/page"}],"author":[{"embeddable":true,"href":"https:\/\/phanphoidienmay.net\/i\/wp-json\/wp\/v2\/users\/7"}],"replies":[{"embeddable":true,"href":"https:\/\/phanphoidienmay.net\/i\/wp-json\/wp\/v2\/comments?post=3"}],"version-history":[{"count":0,"href":"https:\/\/phanphoidienmay.net\/i\/wp-json\/wp\/v2\/pages\/3\/revisions"}],"wp:attachment":[{"href":"https:\/\/phanphoidienmay.net\/i\/wp-json\/wp\/v2\/media?parent=3"}],"curies":[{"name":"wp","href":"https:\/\/api.w.org\/{rel}","templated":true}]}}